{"id":3531,"date":"2025-12-02T11:42:18","date_gmt":"2025-12-02T10:42:18","guid":{"rendered":"https:\/\/arp.1o1o.com.hr\/?page_id=3531"},"modified":"2025-12-18T20:47:06","modified_gmt":"2025-12-18T19:47:06","slug":"politika-privatnosti","status":"publish","type":"page","link":"https:\/\/arp.hr\/en\/politika-privatnosti\/","title":{"rendered":"Politika privatnosti"},"content":{"rendered":"<div data-elementor-type=\"wp-page\" data-elementor-id=\"3531\" class=\"elementor elementor-3531\" data-elementor-post-type=\"page\">\n\t\t\t\t<div class=\"elementor-element elementor-element-ff35486 e-con-full e-flex e-con e-parent\" data-id=\"ff35486\" data-element_type=\"container\">\n\t\t<div class=\"elementor-element elementor-element-05baa7a e-con-full e-flex e-con e-child\" data-id=\"05baa7a\" data-element_type=\"container\">\n\t\t\t\t<div class=\"elementor-element elementor-element-ee37742 elementor-view-default elementor-widget elementor-widget-icon\" data-id=\"ee37742\" data-element_type=\"widget\" data-widget_type=\"icon.default\">\n\t\t\t\t\t\t\t<div class=\"elementor-icon-wrapper\">\n\t\t\t<a class=\"elementor-icon\" href=\"https:\/\/arp.hr\/en\">\n\t\t\t<svg xmlns=\"http:\/\/www.w3.org\/2000\/svg\" width=\"20\" height=\"16\" viewbox=\"0 0 20 16\" fill=\"none\"><g clip-path=\"url(#clip0_993_13351)\"><path d=\"M9.99989 3.21313L2.86758 9.09321C2.86687 9.10588 2.86468 9.11842 2.86106 9.13058C2.85776 9.14265 2.85572 9.15502 2.85498 9.16751V15.121C2.85757 15.331 2.94211 15.5317 3.09058 15.6803C3.23905 15.8288 3.43968 15.9135 3.64968 15.9162H8.41179V11.1523H11.588V15.9162H16.3514C16.5612 15.913 16.7616 15.8282 16.9099 15.6797C17.0582 15.5313 17.1427 15.3308 17.1457 15.121V9.16838C17.1468 9.143 17.1425 9.11767 17.1331 9.09408L9.99989 3.21313Z\" fill=\"#5E5E59\"><\/path><path d=\"M19.8619 7.75363L17.1454 5.49423V0.43492C17.1475 0.382211 17.1386 0.329642 17.1194 0.280519C17.1002 0.231396 17.071 0.186781 17.0337 0.149481C16.9964 0.112181 16.9518 0.0830029 16.9026 0.0637808C16.8535 0.0445587 16.8009 0.0357089 16.7482 0.037788H14.3667C14.314 0.0357089 14.2615 0.0445587 14.2123 0.0637808C14.1632 0.0830029 14.1186 0.112181 14.0813 0.149481C14.044 0.186781 14.0148 0.231396 13.9956 0.280519C13.9764 0.329642 13.9675 0.382211 13.9696 0.43492V2.85378L10.9429 0.322819C10.6732 0.113572 10.3416 0 10.0002 0C9.65891 0 9.32728 0.113572 9.0576 0.322819L0.13777 7.75363C0.0970701 7.78556 0.0637089 7.82587 0.0399452 7.87183C0.0161815 7.91778 0.00257029 7.9683 3.32606e-05 8.01997C-0.0104378 8.12493 0.0207734 8.2298 0.0869331 8.31196L0.855997 9.23005C0.923829 9.30519 1.0163 9.35358 1.1167 9.36649C1.22296 9.37272 1.32811 9.34202 1.41433 9.27959L10 2.12165L18.5844 9.27959C18.6575 9.33997 18.7505 9.37095 18.8451 9.36649H18.8825C18.9829 9.35354 19.0753 9.30516 19.1432 9.23005L19.9123 8.31239C19.9784 8.23022 20.0096 8.12536 19.9992 8.02041C19.9968 7.96868 19.9833 7.91808 19.9596 7.87204C19.9359 7.826 19.9026 7.78561 19.8619 7.75363Z\" fill=\"#5E5E59\"><\/path><\/g><defs><clippath id=\"clip0_993_13351\"><rect width=\"20\" height=\"15.9161\" fill=\"white\"><\/rect><\/clippath><\/defs><\/svg>\t\t\t<\/a>\n\t\t<\/div>\n\t\t\t\t\t\t<\/div>\n\t\t\t\t<div class=\"elementor-element elementor-element-90be34f elementor-widget elementor-widget-woocommerce-breadcrumb\" data-id=\"90be34f\" data-element_type=\"widget\" data-widget_type=\"woocommerce-breadcrumb.default\">\n\t\t\t\t\t<nav class=\"woocommerce-breadcrumb\" aria-label=\"Breadcrumb\" data-no-translation=\"\" data-trp-gettext=\"\">Home<\/nav>\t\t\t\t<\/div>\n\t\t\t\t<\/div>\n\t\t\t\t<\/div>\n\t\t<div class=\"elementor-element elementor-element-f3fc9fa e-con-full e-flex e-con e-parent\" data-id=\"f3fc9fa\" data-element_type=\"container\">\n\t\t<div class=\"elementor-element elementor-element-2160e9e e-con-full e-flex e-con e-child\" data-id=\"2160e9e\" data-element_type=\"container\">\n\t\t\t\t<div class=\"elementor-element elementor-element-bb094c2 elementor-widget__width-inherit elementor-widget elementor-widget-heading\" data-id=\"bb094c2\" data-element_type=\"widget\" data-widget_type=\"heading.default\">\n\t\t\t\t\t<h2 class=\"elementor-heading-title elementor-size-default\">Politika privatnosti<\/h2>\t\t\t\t<\/div>\n\t\t\t\t<\/div>\n\t\t\t\t<\/div>\n\t\t<div class=\"elementor-element elementor-element-ab9353d e-con-full e-flex e-con e-parent\" data-id=\"ab9353d\" data-element_type=\"container\">\n\t\t<div class=\"elementor-element elementor-element-304bf08 e-con-full e-flex e-con e-child\" data-id=\"304bf08\" data-element_type=\"container\">\n\t\t\t\t<div class=\"elementor-element elementor-element-ccc3c83 elementor-widget elementor-widget-text-editor\" data-id=\"ccc3c83\" data-element_type=\"widget\" data-widget_type=\"text-editor.default\">\n\t\t\t\t\t\t\t\t\t<h4>Na\u0161e obaveze<\/h4>\t\t\t\t\t\t\t\t<\/div>\n\t\t\t\t<div class=\"elementor-element elementor-element-b3cfcbe elementor-widget-mobile__width-inherit elementor-widget elementor-widget-text-editor\" data-id=\"b3cfcbe\" data-element_type=\"widget\" data-widget_type=\"text-editor.default\">\n\t\t\t\t\t\t\t\t\t<p>ARP pridodaje veliki zna\u010daj Va\u0161oj privatnosti. ARP je u potpunosti implementirala regulaciju General Data Protection Regulation (GDPR), zakona Europske Unije. Molimo Vas pro\u010ditajte pravila o privatnosti kako bi saznali kako sakupljamo, obra\u0111ujemo i spremamo informacije koje ste nam ustupili koriste\u0107i web stranicu formu \u201ekontaktirajte nas\u201c. Prikupljamo razli\u010dite tipove informacija, uklju\u010duju\u0107i informacije koje Vas identificiraju kao pojedinca (osobne informacije). Detaljnije obja\u0161njenje je u nastavku.<\/p>\t\t\t\t\t\t\t\t<\/div>\n\t\t\t\t<\/div>\n\t\t<div class=\"elementor-element elementor-element-589062f e-con-full e-flex e-con e-child\" data-id=\"589062f\" data-element_type=\"container\">\n\t\t\t\t<div class=\"elementor-element elementor-element-214430a elementor-widget elementor-widget-text-editor\" data-id=\"214430a\" data-element_type=\"widget\" data-widget_type=\"text-editor.default\">\n\t\t\t\t\t\t\t\t\t<h4>Kakve informacije prikuplja ARP?<\/h4>\t\t\t\t\t\t\t\t<\/div>\n\t\t\t\t<div class=\"elementor-element elementor-element-9f54b7c elementor-widget-mobile__width-inherit elementor-widget elementor-widget-text-editor\" data-id=\"9f54b7c\" data-element_type=\"widget\" data-widget_type=\"text-editor.default\">\n\t\t\t\t\t\t\t\t\t<p>Kada koristite na\u0161u internet stranicu, mo\u017eemo prikupiti podatke koje ste odlu\u010dili podijeliti s nama. Naprimjer, u formi \u201eKontaktiraj nas\u201c podijelili ste s nama podatke. Tako\u0111er mo\u017eemo prikupiti informacije vezano za Va\u0161 pristupni ure\u0111aj te IP adresu putem koje ste pristupili internet stranici. Za vi\u0161e informacija o tom dijelu, molimo Vas pogledajte dolje nazna\u010denu sekciju \u201eKola\u010di\u0107i i ostale tracking tehnologije\u201c. Kada koristite gore navedene formulare, prikupljamo podatke direktno od Vas, poput Va\u0161eg imena, email adrese, ku\u0107ne adrese i broja telefona u svrhu kako bismo Vam pru\u017eili tra\u017eenu uslugu.<\/p>\t\t\t\t\t\t\t\t<\/div>\n\t\t\t\t<\/div>\n\t\t<div class=\"elementor-element elementor-element-9c3df0f e-con-full e-flex e-con e-child\" data-id=\"9c3df0f\" data-element_type=\"container\">\n\t\t\t\t<div class=\"elementor-element elementor-element-47ebcf4 elementor-widget elementor-widget-text-editor\" data-id=\"47ebcf4\" data-element_type=\"widget\" data-widget_type=\"text-editor.default\">\n\t\t\t\t\t\t\t\t\t<h4>Kako koristimo informacije?<\/h4>\t\t\t\t\t\t\t\t<\/div>\n\t\t\t\t<div class=\"elementor-element elementor-element-f88e804 elementor-widget-mobile__width-inherit elementor-widget elementor-widget-text-editor\" data-id=\"f88e804\" data-element_type=\"widget\" data-widget_type=\"text-editor.default\">\n\t\t\t\t\t\t\t\t\t<p>Kada podijelite s nama Va\u0161e podatke, mo\u017eemo iskoristiti dobivene informacije kako bismo pravovremeno odgovorili na Va\u0161 upit, npr, kod odre\u0111enih proizvoda i usluga ili \u201ekontaktiraj nas\u201c formulara. Tako\u0111er koristimo podatke pri administriranju i pobolj\u0161avanju internet stranice, te kod analize internet stranice u svrhu pra\u0107enja marketinga, odnosno popularnosti pojedinih dijelova na internet stranici.<\/p>\t\t\t\t\t\t\t\t<\/div>\n\t\t\t\t<\/div>\n\t\t<div class=\"elementor-element elementor-element-40d5bf8 e-con-full e-flex e-con e-child\" data-id=\"40d5bf8\" data-element_type=\"container\">\n\t\t\t\t<div class=\"elementor-element elementor-element-9c7e081 elementor-widget elementor-widget-text-editor\" data-id=\"9c7e081\" data-element_type=\"widget\" data-widget_type=\"text-editor.default\">\n\t\t\t\t\t\t\t\t\t<h4>Kada koristite na\u0161e usluge, mo\u017eemo koristiti Va\u0161e podatke:<\/h4>\t\t\t\t\t\t\t\t<\/div>\n\t\t\t\t<div class=\"elementor-element elementor-element-f6499a5 elementor-widget-mobile__width-inherit elementor-widget elementor-widget-text-editor\" data-id=\"f6499a5\" data-element_type=\"widget\" data-widget_type=\"text-editor.default\">\n\t\t\t\t\t\t\t\t\t<p>\u2022 Kako bi uspostavili tra\u017eenu komunikaciju u svrhu Va\u0161eg tra\u017eenog upita za odre\u0111eni proizvod. Naprimjer kada po\u0161aljete upit putem kontakt forme, ARP. prikuplja dobivene osobne podatke za nastavak komunikacije u svrhu komercijalne suradnje.<br \/>\u2022 Kako bi vas kontaktirali i odgovorili na Va\u0161 upis u formularu \u201ekontaktirajte nas\u201c<br \/>\u2022 Kada korisnik posjeti na\u0161u web stranicu, te klikne na odre\u0111enu stranicu, prikupljaju se anonimne informacije oko posje\u0107enosti odre\u0111enih podstranica u sklopu na\u0161e web stranice (Google Analytics alati).<\/p>\t\t\t\t\t\t\t\t<\/div>\n\t\t\t\t<\/div>\n\t\t<div class=\"elementor-element elementor-element-148674e e-con-full e-flex e-con e-child\" data-id=\"148674e\" data-element_type=\"container\">\n\t\t\t\t<div class=\"elementor-element elementor-element-8935841 elementor-widget elementor-widget-text-editor\" data-id=\"8935841\" data-element_type=\"widget\" data-widget_type=\"text-editor.default\">\n\t\t\t\t\t\t\t\t\t<h4>Suradnja s tre\u0107om stranom<\/h4>\t\t\t\t\t\t\t\t<\/div>\n\t\t\t\t<div class=\"elementor-element elementor-element-f0b620d elementor-widget-mobile__width-inherit elementor-widget elementor-widget-text-editor\" data-id=\"f0b620d\" data-element_type=\"widget\" data-widget_type=\"text-editor.default\">\n\t\t\t\t\t\t\t\t\t<p>Ne iznajmljujemo ili prodajemo Va\u0161e osobne podatke tre\u0107oj strani. Ne dijelimo s nikakvom tre\u0107om stranom bilo kakve osobne podatke na\u0161ih korisnika. Na\u0161i zaposlenici nemaju pravo koristiti osobne podatke koje su prikupljene u svrhu suradnje korisnika i ARP Iako je malo vjerojatno, u slu\u010daju da dobijemo sudski nalog nadle\u017enog zakonodavnog tijela, ARP \u0107e biti du\u017ena istima dostaviti tra\u017eene podatke. ARP \u0107e poduzeti mjere predostro\u017enosti kako bi se uvjerili da ovla\u0161tena tijela koja podnose zahtjev zaista imaju legitimne razloge za tra\u017eene podatke.<\/p>\t\t\t\t\t\t\t\t<\/div>\n\t\t\t\t<\/div>\n\t\t<div class=\"elementor-element elementor-element-a7cd56c e-con-full e-flex e-con e-child\" data-id=\"a7cd56c\" data-element_type=\"container\">\n\t\t\t\t<div class=\"elementor-element elementor-element-f31a18c elementor-widget elementor-widget-text-editor\" data-id=\"f31a18c\" data-element_type=\"widget\" data-widget_type=\"text-editor.default\">\n\t\t\t\t\t\t\t\t\t<h4>Sigurnost i privatnost<\/h4>\t\t\t\t\t\t\t\t<\/div>\n\t\t\t\t<div class=\"elementor-element elementor-element-320c20c elementor-widget-mobile__width-inherit elementor-widget elementor-widget-text-editor\" data-id=\"320c20c\" data-element_type=\"widget\" data-widget_type=\"text-editor.default\">\n\t\t\t\t\t\t\t\t\t<p>ARP \u010duva osobne podatke od neovla\u0161tenog raspolaganja i pristupa. Anamaria Company koristi organizacijske, tehni\u010dke, i fizi\u010dke sigurnosne mjere kako bi prikupljeni osobni podaci bili za\u0161ti\u0107eni.<\/p>\t\t\t\t\t\t\t\t<\/div>\n\t\t\t\t<\/div>\n\t\t<div class=\"elementor-element elementor-element-fd17b7a e-con-full e-flex e-con e-child\" data-id=\"fd17b7a\" data-element_type=\"container\">\n\t\t\t\t<div class=\"elementor-element elementor-element-95ea0ae elementor-widget elementor-widget-text-editor\" data-id=\"95ea0ae\" data-element_type=\"widget\" data-widget_type=\"text-editor.default\">\n\t\t\t\t\t\t\t\t\t<h4>Kola\u010di\u0107i i ostale tracking tehnologije<\/h4>\t\t\t\t\t\t\t\t<\/div>\n\t\t\t\t<div class=\"elementor-element elementor-element-0f42c0c elementor-widget-mobile__width-inherit elementor-widget elementor-widget-text-editor\" data-id=\"0f42c0c\" data-element_type=\"widget\" data-widget_type=\"text-editor.default\">\n\t\t\t\t\t\t\t\t\t<p>Informacije od ovih kola\u010di\u0107a poma\u017eu nam da shvatimo kako na\u0161i korisnici upotrebljavaju web stranicu, sa svrhom unaprije\u0111enja kvalitete sadr\u017eaja prema korisnicima i do\u017eivljaja pregledavanja. Opcionalni kola\u010di\u0107i uklju\u010duju kola\u010di\u0107e Google Analytics (\u010diji kola\u010di\u0107i prate posje\u0107enost i analiziraju uspje\u0161nost web stranice, a koje su ARP dostupne kao statisti\u010dki podaci, bez osobnih podataka individualnih korisnika) te kola\u010di\u0107e dru\u0161tvenih mre\u017ea (npr. Facebook) koji omogu\u0107uju korisniku da odre\u0111eni sadr\u017eaj podijeli putem vlastitog ra\u010duna na dru\u0161tvenim mre\u017eama. Kada prvi put pristupite web stranici, pojavit \u0107e se natpis koji upozorava na postojanje kola\u010di\u0107a i zatra\u017eiti Va\u0161u suglasnost za njihovo prihva\u0107anje. Nastavkom pregledavanja web stranice, prihva\u0107ate kori\u0161tenje kola\u010di\u0107a. Korisnik web stranice putem postavki svojeg web preglednika uvijek mo\u017ee samostalno regulirati (ograni\u010diti ili onemogu\u0107iti) primanje kola\u010di\u0107a. Napominjemo da onemogu\u0107avanje kola\u010di\u0107a mo\u017ee utjecati na funkcionalnost i Va\u0161u interakciju s web stranicom, te isklju\u010dujemo svaku odgovornost za bilo kakav gubitak funkcionalnosti i\/ili kvalitete sadr\u017eaja web stranice u svim slu\u010dajevima odabira regulacije primanja kola\u010di\u0107a od strane korisnika.<br \/>Dodatne informacije o konfiguriranju postavki preglednika za kola\u010di\u0107e mo\u017eete prona\u0107i na sljede\u0107im linkovima:<br \/>\u2022 ovdje saznajte vi\u0161e o na\u010dinu privatnog pregledavanja i postavkama kola\u010di\u0107a u Firefoxu<br \/>\u2022 ovdje za \u010ditanje o na\u010dinu anonimnog na\u010dina i postavkama kola\u010di\u0107a u pregledniku Google Chrome<br \/>\u2022 ovdje pro\u010ditajte na\u010din rada &#8220;InPrivate&#8221; i postavke kola\u010di\u0107a u pregledniku Internet Explorer<br \/>\u2022 ovdje za vi\u0161e informacija o modusu &#8220;Privatna navigacija&#8221; i postavkama kola\u010di\u0107a u pregledniku Safari<br \/>Kori\u0161tenjem ovih web stranica smatrat \u0107e se da su korisnici u svakom trenutku upoznati i suglasni s uvjetima kori\u0161tenja, uklju\u010duju\u0107i odredbe o obradi i za\u0161titi osobnih podataka i mogu\u0107nostima u vezi s kola\u010di\u0107ima.<\/p>\t\t\t\t\t\t\t\t<\/div>\n\t\t\t\t<\/div>\n\t\t<div class=\"elementor-element elementor-element-c3050a1 e-con-full e-flex e-con e-child\" data-id=\"c3050a1\" data-element_type=\"container\">\n\t\t\t\t<div class=\"elementor-element elementor-element-dff399b elementor-widget elementor-widget-text-editor\" data-id=\"dff399b\" data-element_type=\"widget\" data-widget_type=\"text-editor.default\">\n\t\t\t\t\t\t\t\t\t<h4>Koje su moje opcije?<\/h4>\t\t\t\t\t\t\t\t<\/div>\n\t\t\t\t<div class=\"elementor-element elementor-element-607e2af elementor-widget-mobile__width-inherit elementor-widget elementor-widget-text-editor\" data-id=\"607e2af\" data-element_type=\"widget\" data-widget_type=\"text-editor.default\">\n\t\t\t\t\t\t\t\t\t<p>Mo\u017eete odlu\u010diti ne podijeliti s nama tra\u017eene podatke. Imajte na umu da odre\u0111eni podaci su potrebni kako bi mogli dobiti povratnu informaciju oko tra\u017eenih proizvoda ili usluga kao i odgovor na Va\u0161 unos putem forme \u201ekontaktirajte nas\u201c.<\/p>\t\t\t\t\t\t\t\t<\/div>\n\t\t\t\t<\/div>\n\t\t<div class=\"elementor-element elementor-element-7829a6b e-con-full e-flex e-con e-child\" data-id=\"7829a6b\" data-element_type=\"container\">\n\t\t\t\t<div class=\"elementor-element elementor-element-e99a23a elementor-widget elementor-widget-text-editor\" data-id=\"e99a23a\" data-element_type=\"widget\" data-widget_type=\"text-editor.default\">\n\t\t\t\t\t\t\t\t\t<h4>Pristup i a\u017euriranje Va\u0161ih osobnih podataka<\/h4>\t\t\t\t\t\t\t\t<\/div>\n\t\t\t\t<div class=\"elementor-element elementor-element-e18c70e elementor-widget-mobile__width-inherit elementor-widget elementor-widget-text-editor\" data-id=\"e18c70e\" data-element_type=\"widget\" data-widget_type=\"text-editor.default\">\n\t\t\t\t\t\t\t\t\t<p>Kako bi pregledali ili a\u017eurirali va\u0161e osobne podatke, kako bi se uvjerili da su to\u010dni, kontaktirajte info@arp.hr . ARP \u0107e u\u010diniti sve kako bi Vam u roku od 30 od Va\u0161eg zahtjeva za pristupom dana pru\u017eio uvid u va\u0161e tra\u017eene podatke, te po potrebi a\u017eurirao, promijenio ili obrisao u potpunosti Va\u0161e podatke. Ukoliko zbog odre\u0111enog razloga nismo u mogu\u0107nosti ispo\u0161tovati Va\u0161 zahtjev u roku 30 dana, biti \u0107ete obavije\u0161teni kada \u0107e Vam podaci biti omogu\u0107eni na uvid. Iako je malo vjerojatno, ukoliko nismo u mogu\u0107nosti podijeliti s Vama Va\u0161e tra\u017eene podatke, biti \u0107ete obavije\u0161teni zbog kojeg konkretnog razloga nismo u mogu\u0107nosti izvr\u0161iti tra\u017eeni uvid.<\/p>\t\t\t\t\t\t\t\t<\/div>\n\t\t\t\t<\/div>\n\t\t<div class=\"elementor-element elementor-element-a4716ec e-con-full e-flex e-con e-child\" data-id=\"a4716ec\" data-element_type=\"container\">\n\t\t\t\t<div class=\"elementor-element elementor-element-eb3b528 elementor-widget elementor-widget-text-editor\" data-id=\"eb3b528\" data-element_type=\"widget\" data-widget_type=\"text-editor.default\">\n\t\t\t\t\t\t\t\t\t<h4>Pitanja vezana za ovu obavijest pravilima privatnosti<\/h4>\t\t\t\t\t\t\t\t<\/div>\n\t\t\t\t<div class=\"elementor-element elementor-element-935141b elementor-widget-mobile__width-inherit elementor-widget elementor-widget-text-editor\" data-id=\"935141b\" data-element_type=\"widget\" data-widget_type=\"text-editor.default\">\n\t\t\t\t\t\t\t\t\t<p>Ukoliko imate dodatna pitanja, ili eventualnu zamjerku vezano oko za\u0161tite Va\u0161ih osobnih podataka, kontaktirajte nas na info@p. Svaki upit ili zamjerka vezan za privatnost biti \u0107e evidentiran i istra\u017een, te \u0107e se osigurati rezultati istrage. Ukoliko se utvrdi da je zamjerka opravdana, poduzeti \u0107e se sve odgovaraju\u0107e mjere.<\/p>\t\t\t\t\t\t\t\t<\/div>\n\t\t\t\t<\/div>\n\t\t\t\t<\/div>\n\t\t\t\t<\/div>","protected":false},"excerpt":{"rendered":"<p>Politika privatnosti Na\u0161e obaveze ARP pridodaje veliki zna\u010daj Va\u0161oj privatnosti. ARP je u potpunosti implementirala regulaciju General Data Protection Regulation (GDPR), zakona Europske Unije. Molimo Vas pro\u010ditajte pravila o privatnosti kako bi saznali kako sakupljamo, obra\u0111ujemo i spremamo informacije koje ste nam ustupili koriste\u0107i web stranicu formu \u201ekontaktirajte nas\u201c. Prikupljamo razli\u010dite tipove informacija, uklju\u010duju\u0107i informacije [&hellip;]<\/p>","protected":false},"author":1,"featured_media":0,"parent":0,"menu_order":0,"comment_status":"closed","ping_status":"closed","template":"","meta":{"_acf_changed":false,"inline_featured_image":false,"footnotes":""},"class_list":["post-3531","page","type-page","status-publish","hentry"],"acf":[],"yoast_head":"<!-- This site is optimized with the Yoast SEO plugin v27.4 - https:\/\/yoast.com\/product\/yoast-seo-wordpress\/ -->\n<title>Politika privatnosti - ARP<\/title>\n<meta name=\"robots\" content=\"noindex, follow, max-snippet:-1, max-image-preview:large, max-video-preview:-1\" \/>\n<meta property=\"og:locale\" content=\"en_US\" \/>\n<meta property=\"og:type\" content=\"article\" \/>\n<meta property=\"og:title\" content=\"Politika privatnosti - ARP\" \/>\n<meta property=\"og:description\" content=\"Politika privatnosti Na\u0161e obaveze ARP pridodaje veliki zna\u010daj Va\u0161oj privatnosti. ARP je u potpunosti implementirala regulaciju General Data Protection Regulation (GDPR), zakona Europske Unije. Molimo Vas pro\u010ditajte pravila o privatnosti kako bi saznali kako sakupljamo, obra\u0111ujemo i spremamo informacije koje ste nam ustupili koriste\u0107i web stranicu formu \u201ekontaktirajte nas\u201c. Prikupljamo razli\u010dite tipove informacija, uklju\u010duju\u0107i informacije [&hellip;]\" \/>\n<meta property=\"og:url\" content=\"https:\/\/arp.hr\/en\/politika-privatnosti\/\" \/>\n<meta property=\"og:site_name\" content=\"ARP\" \/>\n<meta property=\"article:modified_time\" content=\"2025-12-18T19:47:06+00:00\" \/>\n<meta name=\"twitter:card\" content=\"summary_large_image\" \/>\n<meta name=\"twitter:label1\" content=\"Est. reading time\" \/>\n\t<meta name=\"twitter:data1\" content=\"5 minutes\" \/>\n<script type=\"application\/ld+json\" class=\"yoast-schema-graph\">{\"@context\":\"https:\\\/\\\/schema.org\",\"@graph\":[{\"@type\":\"WebPage\",\"@id\":\"https:\\\/\\\/arp.hr\\\/politika-privatnosti\\\/\",\"url\":\"https:\\\/\\\/arp.hr\\\/politika-privatnosti\\\/\",\"name\":\"Politika privatnosti - ARP\",\"isPartOf\":{\"@id\":\"https:\\\/\\\/arp.hr\\\/#website\"},\"datePublished\":\"2025-12-02T10:42:18+00:00\",\"dateModified\":\"2025-12-18T19:47:06+00:00\",\"breadcrumb\":{\"@id\":\"https:\\\/\\\/arp.hr\\\/politika-privatnosti\\\/#breadcrumb\"},\"inLanguage\":\"en-US\",\"potentialAction\":[{\"@type\":\"ReadAction\",\"target\":[\"https:\\\/\\\/arp.hr\\\/politika-privatnosti\\\/\"]}]},{\"@type\":\"BreadcrumbList\",\"@id\":\"https:\\\/\\\/arp.hr\\\/politika-privatnosti\\\/#breadcrumb\",\"itemListElement\":[{\"@type\":\"ListItem\",\"position\":1,\"name\":\"Po\u010detna stranica\",\"item\":\"https:\\\/\\\/arp.hr\\\/\"},{\"@type\":\"ListItem\",\"position\":2,\"name\":\"Politika privatnosti\"}]},{\"@type\":\"WebSite\",\"@id\":\"https:\\\/\\\/arp.hr\\\/#website\",\"url\":\"https:\\\/\\\/arp.hr\\\/\",\"name\":\"ARP\",\"description\":\"\",\"potentialAction\":[{\"@type\":\"SearchAction\",\"target\":{\"@type\":\"EntryPoint\",\"urlTemplate\":\"https:\\\/\\\/arp.hr\\\/?s={search_term_string}\"},\"query-input\":{\"@type\":\"PropertyValueSpecification\",\"valueRequired\":true,\"valueName\":\"search_term_string\"}}],\"inLanguage\":\"en-US\"}]}<\/script>\n<!-- \/ Yoast SEO plugin. -->","yoast_head_json":{"title":"Politika privatnosti - ARP","robots":{"index":"noindex","follow":"follow","max-snippet":"max-snippet:-1","max-image-preview":"max-image-preview:large","max-video-preview":"max-video-preview:-1"},"og_locale":"en_US","og_type":"article","og_title":"Politika privatnosti - ARP","og_description":"Politika privatnosti Na\u0161e obaveze ARP pridodaje veliki zna\u010daj Va\u0161oj privatnosti. ARP je u potpunosti implementirala regulaciju General Data Protection Regulation (GDPR), zakona Europske Unije. Molimo Vas pro\u010ditajte pravila o privatnosti kako bi saznali kako sakupljamo, obra\u0111ujemo i spremamo informacije koje ste nam ustupili koriste\u0107i web stranicu formu \u201ekontaktirajte nas\u201c. Prikupljamo razli\u010dite tipove informacija, uklju\u010duju\u0107i informacije [&hellip;]","og_url":"https:\/\/arp.hr\/en\/politika-privatnosti\/","og_site_name":"ARP","article_modified_time":"2025-12-18T19:47:06+00:00","twitter_card":"summary_large_image","twitter_misc":{"Est. reading time":"5 minutes"},"schema":{"@context":"https:\/\/schema.org","@graph":[{"@type":"WebPage","@id":"https:\/\/arp.hr\/politika-privatnosti\/","url":"https:\/\/arp.hr\/politika-privatnosti\/","name":"Politika privatnosti - ARP","isPartOf":{"@id":"https:\/\/arp.hr\/#website"},"datePublished":"2025-12-02T10:42:18+00:00","dateModified":"2025-12-18T19:47:06+00:00","breadcrumb":{"@id":"https:\/\/arp.hr\/politika-privatnosti\/#breadcrumb"},"inLanguage":"en-US","potentialAction":[{"@type":"ReadAction","target":["https:\/\/arp.hr\/politika-privatnosti\/"]}]},{"@type":"BreadcrumbList","@id":"https:\/\/arp.hr\/politika-privatnosti\/#breadcrumb","itemListElement":[{"@type":"ListItem","position":1,"name":"Po\u010detna stranica","item":"https:\/\/arp.hr\/"},{"@type":"ListItem","position":2,"name":"Politika privatnosti"}]},{"@type":"WebSite","@id":"https:\/\/arp.hr\/#website","url":"https:\/\/arp.hr\/","name":"ARP","description":"","potentialAction":[{"@type":"SearchAction","target":{"@type":"EntryPoint","urlTemplate":"https:\/\/arp.hr\/?s={search_term_string}"},"query-input":{"@type":"PropertyValueSpecification","valueRequired":true,"valueName":"search_term_string"}}],"inLanguage":"en-US"}]}},"_links":{"self":[{"href":"https:\/\/arp.hr\/en\/wp-json\/wp\/v2\/pages\/3531","targetHints":{"allow":["GET"]}}],"collection":[{"href":"https:\/\/arp.hr\/en\/wp-json\/wp\/v2\/pages"}],"about":[{"href":"https:\/\/arp.hr\/en\/wp-json\/wp\/v2\/types\/page"}],"author":[{"embeddable":true,"href":"https:\/\/arp.hr\/en\/wp-json\/wp\/v2\/users\/1"}],"replies":[{"embeddable":true,"href":"https:\/\/arp.hr\/en\/wp-json\/wp\/v2\/comments?post=3531"}],"version-history":[{"count":10,"href":"https:\/\/arp.hr\/en\/wp-json\/wp\/v2\/pages\/3531\/revisions"}],"predecessor-version":[{"id":5258,"href":"https:\/\/arp.hr\/en\/wp-json\/wp\/v2\/pages\/3531\/revisions\/5258"}],"wp:attachment":[{"href":"https:\/\/arp.hr\/en\/wp-json\/wp\/v2\/media?parent=3531"}],"curies":[{"name":"wp","href":"https:\/\/api.w.org\/{rel}","templated":true}]}}